{"id":1872,"date":"2024-06-28T15:09:07","date_gmt":"2024-06-28T13:09:07","guid":{"rendered":"https:\/\/wolna-ukraina.eu\/?post_type=product&#038;p=1872"},"modified":"2024-06-28T15:09:10","modified_gmt":"2024-06-28T13:09:10","slug":"b-007-55-a-milana-6","status":"publish","type":"product","link":"https:\/\/wolna-ukraina.eu\/uk\/produkt\/b-007-55-a-milana-6\/","title":{"rendered":"B.007.55.A &#8211; Milana (6)"},"content":{"rendered":"\n<div class=\"wpcf7 no-js\" id=\"wpcf7-f11346-o1\" lang=\"de-DE\" dir=\"ltr\" data-wpcf7-id=\"11346\">\n<div class=\"screen-reader-response\"><p role=\"status\" aria-live=\"polite\" aria-atomic=\"true\"><\/p> <ul><\/ul><\/div>\n<form action=\"\/uk\/wp-json\/wp\/v2\/product\/1872#wpcf7-f11346-o1\" method=\"post\" class=\"wpcf7-form init wpcf7-acceptance-as-validation\" aria-label=\"Kontaktformular\" novalidate=\"novalidate\" data-status=\"init\">\n<fieldset class=\"hidden-fields-container\"><input type=\"hidden\" name=\"_wpcf7\" value=\"11346\" \/><input type=\"hidden\" name=\"_wpcf7_version\" value=\"6.1.3\" \/><input type=\"hidden\" name=\"_wpcf7_locale\" value=\"de_DE\" \/><input type=\"hidden\" name=\"_wpcf7_unit_tag\" value=\"wpcf7-f11346-o1\" \/><input type=\"hidden\" name=\"_wpcf7_container_post\" value=\"0\" \/><input type=\"hidden\" name=\"_wpcf7_posted_data_hash\" value=\"\" \/><input type=\"hidden\" name=\"_uacf7_hidden_conditional_fields\" value=\"\" \/><input type=\"hidden\" name=\"_wpcf7_recaptcha_response\" value=\"\" \/>\n<\/fieldset>\n<div class=\"uacf7-form-wrapper-container uacf7-form-11346  \"><!-- Kontaktformular \"Anfrage\" -->\n<label>Bildname\n    \t\t<span class=\"wpcf7-form-control-wrap bildnummer\"\n\t\t\tdata-name=\"bildnummer\">\n\n\t\t\t<input id=\"uacf7_bildnummer\" class=\"wpcf7-form-control wpcf7-uacf7_dynamic_text\" aria-invalid=\"false\" name=\"bildnummer\" size=\"40\" type=\"text\" disabled=\"disabled\" value=\"B.007.55.A - Milana (6)\">\n\t\t\t<span><\/span>\n\t\t<\/span>\n\t\t<\/label>\n<\/div><\/div>\n<br>\n<div class=\"subheading\">Um eine korrekte Spendenquittung ausstellen zu k\u00f6nnen, ben\u00f6tigen wir auch Deine vollst\u00e4ndige Anschrift. Wir versichern Dir, dass wir diese Daten lediglich f\u00fcr die Spendenquittung nutzen. \n<br><br>\n<b>Wir werden diese Informationen niemals an Dritte weitergeben!!!<\/b><\/div>\n<div class=\"uacf7-row\"><div class=\"uacf7-col-6\">\n<label> Vorname<span style=\"color: #dc3232;\">*<\/span>\n    <span class=\"wpcf7-form-control-wrap\" data-name=\"your-name\"><input size=\"40\" maxlength=\"400\" class=\"wpcf7-form-control wpcf7-text wpcf7-validates-as-required\" aria-required=\"true\" aria-invalid=\"false\" value=\"\" type=\"text\" name=\"your-name\" \/><\/span> <\/label>\n<\/div>\n<div class=\"uacf7-col-6\"><label> Nachname<span style=\"color: #dc3232;\">*<\/span>\n    <span class=\"wpcf7-form-control-wrap\" data-name=\"your-surname\"><input size=\"40\" maxlength=\"400\" class=\"wpcf7-form-control wpcf7-text wpcf7-validates-as-required\" aria-required=\"true\" aria-invalid=\"false\" value=\"\" type=\"text\" name=\"your-surname\" \/><\/span> <\/label>\n<\/div><\/div>\n\n<div class=\"uacf7-row\"><div class=\"uacf7-col-6\">\n<label> Adresse<span style=\"color: #dc3232;\">*<\/span>\n    <span class=\"wpcf7-form-control-wrap\" data-name=\"adresse\"><input size=\"40\" maxlength=\"400\" class=\"wpcf7-form-control wpcf7-text wpcf7-validates-as-required\" aria-required=\"true\" aria-invalid=\"false\" value=\"\" type=\"text\" name=\"adresse\" \/><\/span> <\/label>\n<\/div>\n<div class=\"uacf7-col-6\"><label> PLZ\/Ort<span style=\"color: #dc3232;\">*<\/span>\n    <span class=\"wpcf7-form-control-wrap\" data-name=\"ort\"><input size=\"40\" maxlength=\"400\" class=\"wpcf7-form-control wpcf7-text wpcf7-validates-as-required\" aria-required=\"true\" aria-invalid=\"false\" value=\"\" type=\"text\" name=\"ort\" \/><\/span> <\/label>\n<\/div><\/div>\n\n<br>\n\n<div class=\"uacf7-row\">\n<div class=\"uacf7-col-4\"> \n\n<label>Land<span style=\"color: #dc3232;\">*<\/span><\/label>\n    <span class=\"wpcf7-form-control-wrap\" data-name=\"auswahl-land\"><select class=\"wpcf7-form-control wpcf7-select wpcf7-validates-as-required\" aria-required=\"true\" aria-invalid=\"false\" name=\"auswahl-land\"><option value=\"\">\u2014Bitte ausw\u00e4hlen\u2014<\/option><option value=\"Albanien\">Albanien<\/option><option value=\"Andorra\">Andorra<\/option><option value=\"Belgien\">Belgien<\/option><option value=\"Bosnien und Herzegowina\">Bosnien und Herzegowina<\/option><option value=\"Bulgarien\">Bulgarien<\/option><option value=\"D\u00e4nemark\">D\u00e4nemark<\/option><option value=\"Deutschland\">Deutschland<\/option><option value=\"Estland\">Estland<\/option><option value=\"Finnland\">Finnland<\/option><option value=\"Frankreich\">Frankreich<\/option><option value=\"Griechenland\">Griechenland<\/option><option value=\"Irland\">Irland<\/option><option value=\"Island\">Island<\/option><option value=\"Italien\">Italien<\/option><option value=\"Kasachstan\">Kasachstan<\/option><option value=\"Kosovo\">Kosovo<\/option><option value=\"Kroatien\">Kroatien<\/option><option value=\"Lettland\">Lettland<\/option><option value=\"Liechtenstein\">Liechtenstein<\/option><option value=\"Litauen\">Litauen<\/option><option value=\"Luxemburg\">Luxemburg<\/option><option value=\"Malta\">Malta<\/option><option value=\"Moldau\">Moldau<\/option><option value=\"Monaco\">Monaco<\/option><option value=\"Montenegro\">Montenegro<\/option><option value=\"Niederlande\">Niederlande<\/option><option value=\"Nordmazedonien\">Nordmazedonien<\/option><option value=\"Norwegen\">Norwegen<\/option><option value=\"\u00d6sterreich\">\u00d6sterreich<\/option><option value=\"Polen\">Polen<\/option><option value=\"Portugal\">Portugal<\/option><option value=\"Rum\u00e4nien\">Rum\u00e4nien<\/option><option value=\"San Marino\">San Marino<\/option><option value=\"Schweden\">Schweden<\/option><option value=\"Schweiz\">Schweiz<\/option><option value=\"Serbien\">Serbien<\/option><option value=\"Slowakei\">Slowakei<\/option><option value=\"Slowenien\">Slowenien<\/option><option value=\"Spanien\">Spanien<\/option><option value=\"Tschechien\">Tschechien<\/option><option value=\"T\u00fcrkei\">T\u00fcrkei<\/option><option value=\"Ukraine\">Ukraine<\/option><option value=\"Ungarn\">Ungarn<\/option><option value=\"Vatikanstadt\">Vatikanstadt<\/option><option value=\"Vereinigtes K\u00f6nigreich\">Vereinigtes K\u00f6nigreich<\/option><option value=\"Vereinigte Staaten von Amerika\">Vereinigte Staaten von Amerika<\/option><\/select><\/span>\n<\/div>\n<div class=\"uacf7-col-4\">\n<label>W\u00e4hrung<\/label>\n\n<div class=\"uacf7_conditional Albanien\"><span class=\"wpcf7-form-control-wrap\" data-name=\"ALL\"><input size=\"40\" maxlength=\"400\" class=\"wpcf7-form-control wpcf7-text\" aria-invalid=\"false\" value=\"Lek (ALL)\" type=\"text\" name=\"ALL\" \/><\/span><\/div> <div class=\"uacf7_conditional Bosnien\"><span class=\"wpcf7-form-control-wrap\" data-name=\"BAM\"><input size=\"40\" maxlength=\"400\" class=\"wpcf7-form-control wpcf7-text\" aria-invalid=\"false\" value=\"Konvertibel Mark (BAM)\" type=\"text\" name=\"BAM\" \/><\/span><\/div> <div class=\"uacf7_conditional Bulgarien\"><span class=\"wpcf7-form-control-wrap\" data-name=\"BGN\"><input size=\"40\" maxlength=\"400\" class=\"wpcf7-form-control wpcf7-text\" aria-invalid=\"false\" value=\"Lew (BGN)\" type=\"text\" name=\"BGN\" \/><\/span><\/div> <div class=\"uacf7_conditional Schweiz\"><span class=\"wpcf7-form-control-wrap\" data-name=\"CHF\"><input size=\"40\" maxlength=\"400\" class=\"wpcf7-form-control wpcf7-text\" aria-invalid=\"false\" value=\"Schweizer Franken (CHF)\" type=\"text\" name=\"CHF\" \/><\/span><\/div> <div class=\"uacf7_conditional Tschechien\"><span class=\"wpcf7-form-control-wrap\" data-name=\"CZK\"><input size=\"40\" maxlength=\"400\" class=\"wpcf7-form-control wpcf7-text\" aria-invalid=\"false\" value=\"Tschechische Krone (CZK)\" type=\"text\" name=\"CZK\" \/><\/span><\/div> <div class=\"uacf7_conditional Daenemark\"><span class=\"wpcf7-form-control-wrap\" data-name=\"DKK\"><input size=\"40\" maxlength=\"400\" class=\"wpcf7-form-control wpcf7-text\" aria-invalid=\"false\" value=\"D\u00e4nische Krone (DKK)\" type=\"text\" name=\"DKK\" \/><\/span><\/div> <div class=\"uacf7_conditional EU\"><span class=\"wpcf7-form-control-wrap\" data-name=\"EUR\"><input size=\"40\" maxlength=\"400\" class=\"wpcf7-form-control wpcf7-text\" aria-invalid=\"false\" value=\"Euro (EUR)\" type=\"text\" name=\"EUR\" \/><\/span><\/div> <div class=\"uacf7_conditional Grossbritanien\"><span class=\"wpcf7-form-control-wrap\" data-name=\"GBP\"><input size=\"40\" maxlength=\"400\" class=\"wpcf7-form-control wpcf7-text\" aria-invalid=\"false\" value=\"Pfund Sterling (GBP)\" type=\"text\" name=\"GBP\" \/><\/span><\/div> <div class=\"uacf7_conditional Kroatien\"><span class=\"wpcf7-form-control-wrap\" data-name=\"HRK\"><input size=\"40\" maxlength=\"400\" class=\"wpcf7-form-control wpcf7-text\" aria-invalid=\"false\" value=\"Kroatische Kuna (HRK)\" type=\"text\" name=\"HRK\" \/><\/span><\/div> <div class=\"uacf7_conditional Ungarn\"><span class=\"wpcf7-form-control-wrap\" data-name=\"HUF\"><input size=\"40\" maxlength=\"400\" class=\"wpcf7-form-control wpcf7-text\" aria-invalid=\"false\" value=\"Forint (HUF)\" type=\"text\" name=\"HUF\" \/><\/span><\/div> <div class=\"uacf7_conditional Island\"><span class=\"wpcf7-form-control-wrap\" data-name=\"ISK\"><input size=\"40\" maxlength=\"400\" class=\"wpcf7-form-control wpcf7-text\" aria-invalid=\"false\" value=\"Isl\u00e4ndische Krone (ISK)\" type=\"text\" name=\"ISK\" \/><\/span><\/div> <div class=\"uacf7_conditional Kasachstan\"><span class=\"wpcf7-form-control-wrap\" data-name=\"KZT\"><input size=\"40\" maxlength=\"400\" class=\"wpcf7-form-control wpcf7-text\" aria-invalid=\"false\" value=\"Tenge (KZT)\" type=\"text\" name=\"KZT\" \/><\/span><\/div> <div class=\"uacf7_conditional Moldau\"><span class=\"wpcf7-form-control-wrap\" data-name=\"MDL\"><input size=\"40\" maxlength=\"400\" class=\"wpcf7-form-control wpcf7-text\" aria-invalid=\"false\" value=\"Moldauischer Leu (MDL)\" type=\"text\" name=\"MDL\" \/><\/span><\/div> <div class=\"uacf7_conditional Nordmazedonien\"><span class=\"wpcf7-form-control-wrap\" data-name=\"Mazedonien\"><input size=\"40\" maxlength=\"400\" class=\"wpcf7-form-control wpcf7-text\" aria-invalid=\"false\" value=\"Mazedonischenr Dena (MKD)\" type=\"text\" name=\"Mazedonien\" \/><\/span><\/div> <div class=\"uacf7_conditional Norwegen\"><span class=\"wpcf7-form-control-wrap\" data-name=\"NOK\"><input size=\"40\" maxlength=\"400\" class=\"wpcf7-form-control wpcf7-text\" aria-invalid=\"false\" value=\"Norwegische Krone (NOK)\" type=\"text\" name=\"NOK\" \/><\/span><\/div> <div class=\"uacf7_conditional Polen\"><span class=\"wpcf7-form-control-wrap\" data-name=\"PLN\"><input size=\"40\" maxlength=\"400\" class=\"wpcf7-form-control wpcf7-text\" aria-invalid=\"false\" value=\"Zloty (PLN)\" type=\"text\" name=\"PLN\" \/><\/span><\/div> <div class=\"uacf7_conditional Rumaenien\"><span class=\"wpcf7-form-control-wrap\" data-name=\"RON\"><input size=\"40\" maxlength=\"400\" class=\"wpcf7-form-control wpcf7-text\" aria-invalid=\"false\" value=\"Rum\u00e4nischer Leu (RON)\" type=\"text\" name=\"RON\" \/><\/span><\/div> <div class=\"uacf7_conditional Serbien\"><span class=\"wpcf7-form-control-wrap\" data-name=\"RSD\"><input size=\"40\" maxlength=\"400\" class=\"wpcf7-form-control wpcf7-text\" aria-invalid=\"false\" value=\"Serbischer Dinar (RSD)\" type=\"text\" name=\"RSD\" \/><\/span><\/div> <div class=\"uacf7_conditional Schweden\"><span class=\"wpcf7-form-control-wrap\" data-name=\"SEK\"><input size=\"40\" maxlength=\"400\" class=\"wpcf7-form-control wpcf7-text\" aria-invalid=\"false\" value=\"Schwedische Krone (SEK)\" type=\"text\" name=\"SEK\" \/><\/span><\/div> <div class=\"uacf7_conditional Tuerkei\"><span class=\"wpcf7-form-control-wrap\" data-name=\"TRY\"><input size=\"40\" maxlength=\"400\" class=\"wpcf7-form-control wpcf7-text\" aria-invalid=\"false\" value=\"Neue Lira (TRY)\" type=\"text\" name=\"TRY\" \/><\/span><\/div> <div class=\"uacf7_conditional Ukraine\"><span class=\"wpcf7-form-control-wrap\" data-name=\"UAH\"><input size=\"40\" maxlength=\"400\" class=\"wpcf7-form-control wpcf7-text\" aria-invalid=\"false\" value=\"Hrywna (UAH)\" type=\"text\" name=\"UAH\" \/><\/span><\/div> <div class=\"uacf7_conditional USA\"><span class=\"wpcf7-form-control-wrap\" data-name=\"USD\"><input size=\"40\" maxlength=\"400\" class=\"wpcf7-form-control wpcf7-text\" aria-invalid=\"false\" value=\"US-Dollar (USD)\" type=\"text\" name=\"USD\" \/><\/span><\/div>\n<\/div>\n\n<div class=\"uacf7-col-4\"><label>Gew\u00fcnschter Betrag:<span style=\"color: #dc3232;\">*<\/span><\/span><\/label>\n<span class=\"wpcf7-form-control-wrap\" data-name=\"Betrag\"><input class=\"wpcf7-form-control wpcf7-number wpcf7-validates-as-required wpcf7-validates-as-number\" aria-required=\"true\" aria-invalid=\"false\" value=\"\" type=\"number\" name=\"Betrag\" \/><\/span><\/div>\n<\/div>\n\n<div class=\"uacf7-row\"><div class=\"uacf7-col-6\"> <label> Deine E-Mail-Adresse<span style=\"color: #dc3232;\">*<\/span>\n    <span class=\"wpcf7-form-control-wrap\" data-name=\"your-email\"><input size=\"40\" maxlength=\"400\" class=\"wpcf7-form-control wpcf7-email wpcf7-validates-as-required wpcf7-text wpcf7-validates-as-email\" aria-required=\"true\" aria-invalid=\"false\" value=\"\" type=\"email\" name=\"your-email\" \/><\/span> <\/label>\n<\/div>\n<div class=\"uacf7-col-6\"> <label> E-Mail-Adresse best\u00e4tigen<span style=\"color: #dc3232;\">*<\/span>\n    <span class=\"wpcf7-form-control-wrap\" data-name=\"your-email-confirm\"><input size=\"40\" maxlength=\"400\" class=\"wpcf7-form-control wpcf7-email wpcf7-validates-as-required wpcf7-text wpcf7-validates-as-email\" aria-required=\"true\" aria-invalid=\"false\" value=\"\" type=\"email\" name=\"your-email-confirm\" \/><\/span> <\/label>\n<\/div><\/div>\n<label> Deine Nachricht (optional)\n    <span class=\"wpcf7-form-control-wrap\" data-name=\"your-message\"><textarea cols=\"40\" rows=\"3\" maxlength=\"2000\" class=\"wpcf7-form-control wpcf7-textarea form-control\" aria-invalid=\"false\" name=\"your-message\"><\/textarea><\/span> <\/label>\n<div style=\"font-weight: 300; color: #646464; font-size: 0.8em;\">Felder mit <span style=\"color: #dc3232;\">*<\/span> sind Pflichtfelder!<\/div>\n<label>Ich w\u00fcnsche eine Spendenquittung<\/label>\n<span class=\"wpcf7-form-control-wrap\" data-name=\"spendenquittung\"><span class=\"wpcf7-form-control wpcf7-radio\"><span class=\"wpcf7-list-item first\"><label><input type=\"radio\" name=\"spendenquittung\" value=\"nein\" checked=\"checked\" \/><span class=\"wpcf7-list-item-label\">nein<\/span><\/label><\/span><span class=\"wpcf7-list-item last\"><label><input type=\"radio\" name=\"spendenquittung\" value=\"ja\" \/><span class=\"wpcf7-list-item-label\">ja<\/span><\/label><\/span><\/span><\/span>\n<br>\n<div class=\"bank-info\">Du bekommst nach Abschlu\u00df dieses Vorgangs eine E-Mail von uns mit den ben\u00f6tigten Bankdaten und Informationen, damit Du das Geld \u00fcberweisen kannst.<div class=\"image-heart\"\"><img decoding=\"async\" src=\"https:\/\/wolna-ukraina.eu\/wp-content\/uploads\/2024\/08\/heart-hands-125.webp\" alt=\"Herz Ukraine\"><\/div>\n<br><strong>Vielen Dank f\u00fcr Deine Unterst\u00fctzung!<\/strong><\/div>\n<br><br>\n<span class=\"wpcf7-form-control-wrap\" data-name=\"acceptance-391\"><span class=\"wpcf7-form-control wpcf7-acceptance\"><span class=\"wpcf7-list-item\"><label><input type=\"checkbox\" name=\"acceptance-391\" value=\"1\" aria-invalid=\"false\" \/><span class=\"wpcf7-list-item-label\">Ich habe die <a target=\"_blank\" href=\"\/datenschutz\/\">Datenschutzerkl\u00e4rung<\/a> zur Kenntnis genommen und akzeptiert. Ich stimme zu, dass meine Formularangaben zur Kontaktaufnahme bzw. zur Bearbeitung meines Anliegens gespeichert werden.<\/span><\/label><\/span><\/span><\/span>\n<br>\n<input class=\"wpcf7-form-control wpcf7-submit has-spinner\" type=\"submit\" value=\"Senden\" \/><\/div><div class=\"wpcf7-response-output\" aria-hidden=\"true\"><\/div>\n<\/form>\n<\/div>\n\n","protected":false},"excerpt":{"rendered":"","protected":false},"featured_media":1902,"template":"","meta":{"_acf_changed":false,"give_campaign_id":0,"site-sidebar-layout":"default","site-content-layout":"","ast-site-content-layout":"default","site-content-style":"default","site-sidebar-style":"default","ast-global-header-display":"","ast-banner-title-visibility":"","ast-main-header-display":"","ast-hfb-above-header-display":"","ast-hfb-below-header-display":"","ast-hfb-mobile-header-display":"","site-post-title":"","ast-breadcrumbs-content":"","ast-featured-img":"","footer-sml-layout":"","theme-transparent-header-meta":"","adv-header-id-meta":"","stick-header-meta":"","header-above-stick-meta":"","header-main-stick-meta":"","header-below-stick-meta":"","astra-migrate-meta-layouts":"default","ast-page-background-enabled":"default","ast-page-background-meta":{"desktop":{"background-color":"","background-image":"","background-repeat":"repeat","background-position":"center center","background-size":"auto","background-attachment":"scroll","background-type":"","background-media":"","overlay-type":"","overlay-color":"","overlay-opacity":"","overlay-gradient":""},"tablet":{"background-color":"","background-image":"","background-repeat":"repeat","background-position":"center center","background-size":"auto","background-attachment":"scroll","background-type":"","background-media":"","overlay-type":"","overlay-color":"","overlay-opacity":"","overlay-gradient":""},"mobile":{"background-color":"","background-image":"","background-repeat":"repeat","background-position":"center center","background-size":"auto","background-attachment":"scroll","background-type":"","background-media":"","overlay-type":"","overlay-color":"","overlay-opacity":"","overlay-gradient":""}},"ast-content-background-meta":{"desktop":{"background-color":"var(--ast-global-color-5)","background-image":"","background-repeat":"repeat","background-position":"center center","background-size":"auto","background-attachment":"scroll","background-type":"","background-media":"","overlay-type":"","overlay-color":"","overlay-opacity":"","overlay-gradient":""},"tablet":{"background-color":"var(--ast-global-color-5)","background-image":"","background-repeat":"repeat","background-position":"center center","background-size":"auto","background-attachment":"scroll","background-type":"","background-media":"","overlay-type":"","overlay-color":"","overlay-opacity":"","overlay-gradient":""},"mobile":{"background-color":"var(--ast-global-color-5)","background-image":"","background-repeat":"repeat","background-position":"center center","background-size":"auto","background-attachment":"scroll","background-type":"","background-media":"","overlay-type":"","overlay-color":"","overlay-opacity":"","overlay-gradient":""}}},"product_brand":[],"product_cat":[24],"product_tag":[],"class_list":{"0":"post-1872","1":"product","2":"type-product","3":"status-publish","4":"has-post-thumbnail","6":"product_cat-bilder","7":"desktop-align-left","8":"tablet-align-left","9":"mobile-align-left","11":"first","12":"outofstock","13":"sold-individually","14":"shipping-taxable","15":"purchasable","16":"product-type-simple"},"acf":[],"_links":{"self":[{"href":"https:\/\/wolna-ukraina.eu\/uk\/wp-json\/wp\/v2\/product\/1872","targetHints":{"allow":["GET"]}}],"collection":[{"href":"https:\/\/wolna-ukraina.eu\/uk\/wp-json\/wp\/v2\/product"}],"about":[{"href":"https:\/\/wolna-ukraina.eu\/uk\/wp-json\/wp\/v2\/types\/product"}],"wp:featuredmedia":[{"embeddable":true,"href":"https:\/\/wolna-ukraina.eu\/uk\/wp-json\/wp\/v2\/media\/1902"}],"wp:attachment":[{"href":"https:\/\/wolna-ukraina.eu\/uk\/wp-json\/wp\/v2\/media?parent=1872"}],"wp:term":[{"taxonomy":"product_brand","embeddable":true,"href":"https:\/\/wolna-ukraina.eu\/uk\/wp-json\/wp\/v2\/product_brand?post=1872"},{"taxonomy":"product_cat","embeddable":true,"href":"https:\/\/wolna-ukraina.eu\/uk\/wp-json\/wp\/v2\/product_cat?post=1872"},{"taxonomy":"product_tag","embeddable":true,"href":"https:\/\/wolna-ukraina.eu\/uk\/wp-json\/wp\/v2\/product_tag?post=1872"}],"curies":[{"name":"wp","href":"https:\/\/api.w.org\/{rel}","templated":true}]}}