{"id":2063,"date":"2024-06-28T15:09:32","date_gmt":"2024-06-28T13:09:32","guid":{"rendered":"https:\/\/wolna-ukraina.eu\/?post_type=product&#038;p=2063"},"modified":"2024-06-28T15:09:35","modified_gmt":"2024-06-28T13:09:35","slug":"bw-111-14-lesia-7","status":"publish","type":"product","link":"https:\/\/wolna-ukraina.eu\/pl\/produkt\/bw-111-14-lesia-7\/","title":{"rendered":"BW.111.14 &#8211; Lesia (7)"},"content":{"rendered":"\n<div class=\"wpcf7 no-js\" id=\"wpcf7-f14888-o1\" lang=\"pl-PL\" dir=\"ltr\" data-wpcf7-id=\"14888\">\n<div class=\"screen-reader-response\"><p role=\"status\" aria-live=\"polite\" aria-atomic=\"true\"><\/p> <ul><\/ul><\/div>\n<form action=\"\/pl\/wp-json\/wp\/v2\/product\/2063#wpcf7-f14888-o1\" method=\"post\" class=\"wpcf7-form init wpcf7-acceptance-as-validation\" aria-label=\"Formularz kontaktowy\" novalidate=\"novalidate\" data-status=\"init\">\n<fieldset class=\"hidden-fields-container\"><input type=\"hidden\" name=\"_wpcf7\" value=\"14888\" \/><input type=\"hidden\" name=\"_wpcf7_version\" value=\"6.1.3\" \/><input type=\"hidden\" name=\"_wpcf7_locale\" value=\"pl_PL\" \/><input type=\"hidden\" name=\"_wpcf7_unit_tag\" value=\"wpcf7-f14888-o1\" \/><input type=\"hidden\" name=\"_wpcf7_container_post\" value=\"0\" \/><input type=\"hidden\" name=\"_wpcf7_posted_data_hash\" value=\"\" \/><input type=\"hidden\" name=\"_uacf7_hidden_conditional_fields\" value=\"\" \/><input type=\"hidden\" name=\"_wpcf7_recaptcha_response\" value=\"\" \/>\n<\/fieldset>\n\t\t\t\t<style>\n\t\t\t\t\t.uacf7-uacf7style-14888 label {\n\t\t\t\t\t\tfont-style: normal;font-weight: normal;\t\t\t\t\t}\n\n\t\t\t\t\t.uacf7-uacf7style-14888 input[type=\"email\"],\n\t\t\t\t\t.uacf7-uacf7style-14888 input[type=\"number\"],\n\t\t\t\t\t.uacf7-uacf7style-14888 input[type=\"password\"],\n\t\t\t\t\t.uacf7-uacf7style-14888 input[type=\"search\"],\n\t\t\t\t\t.uacf7-uacf7style-14888 input[type=\"tel\"],\n\t\t\t\t\t.uacf7-uacf7style-14888 input[type=\"text\"],\n\t\t\t\t\t.uacf7-uacf7style-14888 input[type=\"url\"],\n\t\t\t\t\t.uacf7-uacf7style-14888 input[type=\"date\"],\n\t\t\t\t\t.uacf7-uacf7style-14888 input[type=\"radio\"],\n\t\t\t\t\t.uacf7-uacf7style-14888 input[type=\"checkbox\"],\n\t\t\t\t\t.uacf7-uacf7style-14888 select,\n\t\t\t\t\t.uacf7-uacf7style-14888 textarea {\n\t\t\t\t\t\tfont-style: normal;font-weight: normal;border-style: solid!important;\t\t\t\t\t}\n\n\t\t\t\t\t.uacf7-uacf7style-14888 .wpcf7-radio span,\n\t\t\t\t\t.uacf7-uacf7style-14888 .wpcf7-checkbox span {\n\t\t\t\t\t\tfont-style: normal;font-weight: normal;\t\t\t\t\t}\n\n\t\t\t\t\t.uacf7-uacf7style-14888 textarea {\n\t\t\t\t\t\t\t\t\t\t\t}\n\n\t\t\t\t\t.wpcf7-form-control-wrap select {\n\t\t\t\t\t\twidth: 100%;\n\t\t\t\t\t}\n\n\t\t\t\t\t.uacf7-uacf7style-14888 input[type=\"submit\"] {\n\t\t\t\t\t\tfont-style: normal;font-weight: normal;border-style: none;\t\t\t\t\t}\n\n\t\t\t\t\t.uacf7-uacf7style-14888 input[type=\"submit\"]:hover {\n\t\t\t\t\t\t\t\t\t\t\t}\n\n\t\t\t\t\t\t\t\t\t<\/style>\n\n\t\t\t\t<div class=\"uacf7-uacf7style uacf7-uacf7style-14888\"><div class=\"uacf7-form-wrapper-container uacf7-form-14888  uacf7-uacf7style uacf7-uacf7style-14888\"><label>Nazwa obrazu\n    \t\t<span class=\"wpcf7-form-control-wrap bildnummer\"\n\t\t\tdata-name=\"bildnummer\">\n\n\t\t\t<input id=\"uacf7_bildnummer\" class=\"wpcf7-form-control wpcf7-uacf7_dynamic_text\" aria-invalid=\"false\" name=\"bildnummer\" size=\"40\" type=\"text\" disabled=\"disabled\" value=\"BW.111.14 - Lesia (7)\">\n\t\t\t<span><\/span>\n\t\t<\/span>\n\t\t<\/label>\n<\/div><\/div>\n<br>\n<div class=\"uacf7-row\">\n<div class=\"uacf7-col-6\"> <label> Wybierz swoj\u0105 walut\u0119<span style=\"color: #dc3232;\">*<\/span><\/label>\n    <span class=\"wpcf7-form-control-wrap\" data-name=\"menu-604\"><select class=\"wpcf7-form-control wpcf7-select wpcf7-validates-as-required\" aria-required=\"true\" aria-invalid=\"false\" name=\"menu-604\"><option value=\"\">\u2014Prosz\u0119 wybra\u0107 opcj\u0119\u2014<\/option><option value=\"Euro (\u20ac)\">Euro (\u20ac)<\/option><option value=\"Z\u0142oty (z\u0142)\">Z\u0142oty (z\u0142)<\/option><option value=\"Hrywnja (\u20b4)\">Hrywnja (\u20b4)<\/option><\/select><\/span> <\/div>\n<div class=\"uacf7-col-6\"> <div class=\"uacf7_conditional conditional-931\">\n    <label><span style=\"font-size: 0.8em;\">Prosz\u0119 wpisz tutaj \u017c\u0105dan\u0105 kwot\u0119 w Euro (\u20ac)<span style=\"color: #dc3232;\">*<\/span><\/span><\/label>\n    <span class=\"wpcf7-form-control-wrap\" data-name=\"number-17\"><input class=\"wpcf7-form-control wpcf7-number wpcf7-validates-as-required wpcf7-validates-as-number\" min=\"50\" aria-required=\"true\" aria-invalid=\"false\" placeholder=\"Prosz\u0119 wpisz tutaj \u017c\u0105dan\u0105 kwot\u0119 w Euro (\u20ac) (\u20ac)\" value=\"\" type=\"number\" name=\"number-17\" \/><\/span><\/div>\n    <div class=\"uacf7_conditional conditional-356\">\n    <label><span style=\"font-size: 0.8em;\">Prosz\u0119 wpisz tutaj \u017c\u0105dan\u0105 kwot\u0119 w z\u0142ot\u00f3wkach (z\u0142.)<span style=\"color: #dc3232;\">*<\/span><\/span><\/label>\n    <span class=\"wpcf7-form-control-wrap\" data-name=\"number-888\"><input class=\"wpcf7-form-control wpcf7-number wpcf7-validates-as-required wpcf7-validates-as-number\" min=\"229\" aria-required=\"true\" aria-invalid=\"false\" placeholder=\"Minimalna kwota za ten obraz to 229 z\u0142otych (z\u0142.)\" value=\"\" type=\"number\" name=\"number-888\" \/><\/span><\/div>\n    <div class=\"uacf7_conditional conditional-357\">\n    <label><span style=\"font-size: 0.8em;\">Prosz\u0119 wpisz tutaj \u017c\u0105dan\u0105 kwot\u0119 w hrywien ukrai\u0144skich (\u20b4)<span style=\"color: #dc3232;\">*<\/span><\/span><\/label>\n    <span class=\"wpcf7-form-control-wrap\" data-name=\"number-889\"><input class=\"wpcf7-form-control wpcf7-number wpcf7-validates-as-required wpcf7-validates-as-number\" min=\"2000\" aria-required=\"true\" aria-invalid=\"false\" placeholder=\"Minimalna kwota za ten obraz to 2000 hrywien ukrai\u0144skich (\u20b4)\" value=\"\" type=\"number\" name=\"number-889\" \/><\/span><\/div> <\/div><\/div>\n<br>\n<div class=\"uacf7-row\"><div class=\"uacf7-col-6\"> <label> Imi\u0119 i nazwisko<span style=\"color: #dc3232;\">*<\/span>\n    <span class=\"wpcf7-form-control-wrap\" data-name=\"your-name\"><input size=\"40\" maxlength=\"400\" class=\"wpcf7-form-control wpcf7-text wpcf7-validates-as-required\" aria-required=\"true\" aria-invalid=\"false\" value=\"\" type=\"text\" name=\"your-name\" \/><\/span> <\/label>\n<\/div>\n<div class=\"uacf7-col-6\"> <label>Kraj<span style=\"color: #dc3232;\">*<\/span>\n    <span class=\"wpcf7-form-control-wrap\" data-name=\"menu-587\"><select class=\"wpcf7-form-control wpcf7-select wpcf7-validates-as-required\" id=\"Land-2\" aria-required=\"true\" aria-invalid=\"false\" name=\"menu-587\"><option value=\"\">\u2014Prosz\u0119 wybra\u0107 opcj\u0119\u2014<\/option><option value=\"Albania\">Albania<\/option><option value=\"Andora\">Andora<\/option><option value=\"Belgia\">Belgia<\/option><option value=\"Bo\u015bnia i Hercegowina\">Bo\u015bnia i Hercegowina<\/option><option value=\"Bu\u0142garia\">Bu\u0142garia<\/option><option value=\"Dania\">Dania<\/option><option value=\"Niemcy\">Niemcy<\/option><option value=\"Estonia\">Estonia<\/option><option value=\"Finlandia\">Finlandia<\/option><option value=\"Francja\">Francja<\/option><option value=\"Grecja\">Grecja<\/option><option value=\"Irlandia\">Irlandia<\/option><option value=\"Islandia\">Islandia<\/option><option value=\"W\u0142ochy\">W\u0142ochy<\/option><option value=\"Kazachstan\">Kazachstan<\/option><option value=\"Kosowo\">Kosowo<\/option><option value=\"Chorwacja\">Chorwacja<\/option><option value=\"\u0141otwa\">\u0141otwa<\/option><option value=\"Liechtenstein\">Liechtenstein<\/option><option value=\"Litwa\">Litwa<\/option><option value=\"Luksemburg\">Luksemburg<\/option><option value=\"Malta\">Malta<\/option><option value=\"Mo\u0142dawia\">Mo\u0142dawia<\/option><option value=\"Monako\">Monako<\/option><option value=\"Czarnog\u00f3ra\">Czarnog\u00f3ra<\/option><option value=\"Holandia\">Holandia<\/option><option value=\"Macedonia P\u00f3\u0142nocna\">Macedonia P\u00f3\u0142nocna<\/option><option value=\"Norwegia\">Norwegia<\/option><option value=\"Austria\">Austria<\/option><option value=\"Polska\">Polska<\/option><option value=\"Portugalia\">Portugalia<\/option><option value=\"Rumunia\">Rumunia<\/option><option value=\"San Marino\">San Marino<\/option><option value=\"Szwecja\">Szwecja<\/option><option value=\"Szwajcaria\">Szwajcaria<\/option><option value=\"Serbia\">Serbia<\/option><option value=\"S\u0142owacja\">S\u0142owacja<\/option><option value=\"S\u0142owenia\">S\u0142owenia<\/option><option value=\"Hiszpania\">Hiszpania<\/option><option value=\"Czechy\">Czechy<\/option><option value=\"Turcja\">Turcja<\/option><option value=\"Ukraina\">Ukraina<\/option><option value=\"W\u0119gry\">W\u0119gry<\/option><option value=\"Watykan\">Watykan<\/option><option value=\"Wielka Brytania\">Wielka Brytania<\/option><option value=\"Stany Zjednoczone Ameryki\">Stany Zjednoczone Ameryki<\/option><\/select><\/span><\/label>\n<\/div><\/div>\n\n<div class=\"uacf7-row\"><div class=\"uacf7-col-6\"> <label> Adres mailowy<span style=\"color: #dc3232;\">*<\/span>\n    <span class=\"wpcf7-form-control-wrap\" data-name=\"your-email\"><input size=\"40\" maxlength=\"400\" class=\"wpcf7-form-control wpcf7-email wpcf7-validates-as-required wpcf7-text wpcf7-validates-as-email\" aria-required=\"true\" aria-invalid=\"false\" value=\"\" type=\"email\" name=\"your-email\" \/><\/span> <\/label>\n<\/div>\n<div class=\"uacf7-col-6\"> <label> Potwierd\u017a adres mailowy<span style=\"color: #dc3232;\">*<\/span>\n    <span class=\"wpcf7-form-control-wrap\" data-name=\"your-email-confirm\"><input size=\"40\" maxlength=\"400\" class=\"wpcf7-form-control wpcf7-email wpcf7-validates-as-required wpcf7-text wpcf7-validates-as-email\" aria-required=\"true\" aria-invalid=\"false\" value=\"\" type=\"email\" name=\"your-email-confirm\" \/><\/span> <\/label>\n<\/div><\/div>\n<label> Twoja wiadomo\u015b\u0107 (optional)\n    <span class=\"wpcf7-form-control-wrap\" data-name=\"your-message\"><textarea cols=\"40\" rows=\"3\" maxlength=\"2000\" class=\"wpcf7-form-control wpcf7-textarea form-control\" aria-invalid=\"false\" name=\"your-message\"><\/textarea><\/span> <\/label>\n<div style=\"font-weight: 300; color: #646464; font-size: 0.8em;\">Felder mit <span style=\"color: #dc3232;\">*<\/span> sind Pflichtfelder!<\/div>\n<br>\n<span class=\"wpcf7-form-control-wrap\" data-name=\"acceptance-391\"><span class=\"wpcf7-form-control wpcf7-acceptance\"><span class=\"wpcf7-list-item\"><label><input type=\"checkbox\" name=\"acceptance-391\" value=\"1\" aria-invalid=\"false\" \/><span class=\"wpcf7-list-item-label\">Przeczyta\u0142am\/przeczyta\u0142em i akceptuj\u0119 <a target=\"_blank\" href=\"\/datenschutz\/\">Polityk\u0119 prywatno\u015bci<\/a> Zgadzam si\u0119, aby moje dane z formularza zosta\u0142y zapisane w celu skontaktowania si\u0119 ze mn\u0105 oraz w celu przetworzenia mojej pro\u015bby.<\/span><\/label><\/span><\/span><\/span>\n<br>\n<input class=\"wpcf7-form-control wpcf7-submit has-spinner\" type=\"submit\" value=\"Wy\u015blij\" \/><\/div><\/div><div class=\"wpcf7-response-output\" aria-hidden=\"true\"><\/div>\n<\/form>\n<\/div>\n\n","protected":false},"excerpt":{"rendered":"","protected":false},"featured_media":2093,"template":"","meta":{"_acf_changed":false,"give_campaign_id":0,"site-sidebar-layout":"default","site-content-layout":"","ast-site-content-layout":"default","site-content-style":"default","site-sidebar-style":"default","ast-global-header-display":"","ast-banner-title-visibility":"","ast-main-header-display":"","ast-hfb-above-header-display":"","ast-hfb-below-header-display":"","ast-hfb-mobile-header-display":"","site-post-title":"","ast-breadcrumbs-content":"","ast-featured-img":"","footer-sml-layout":"","theme-transparent-header-meta":"","adv-header-id-meta":"","stick-header-meta":"","header-above-stick-meta":"","header-main-stick-meta":"","header-below-stick-meta":"","astra-migrate-meta-layouts":"default","ast-page-background-enabled":"default","ast-page-background-meta":{"desktop":{"background-color":"","background-image":"","background-repeat":"repeat","background-position":"center center","background-size":"auto","background-attachment":"scroll","background-type":"","background-media":"","overlay-type":"","overlay-color":"","overlay-opacity":"","overlay-gradient":""},"tablet":{"background-color":"","background-image":"","background-repeat":"repeat","background-position":"center center","background-size":"auto","background-attachment":"scroll","background-type":"","background-media":"","overlay-type":"","overlay-color":"","overlay-opacity":"","overlay-gradient":""},"mobile":{"background-color":"","background-image":"","background-repeat":"repeat","background-position":"center center","background-size":"auto","background-attachment":"scroll","background-type":"","background-media":"","overlay-type":"","overlay-color":"","overlay-opacity":"","overlay-gradient":""}},"ast-content-background-meta":{"desktop":{"background-color":"var(--ast-global-color-5)","background-image":"","background-repeat":"repeat","background-position":"center center","background-size":"auto","background-attachment":"scroll","background-type":"","background-media":"","overlay-type":"","overlay-color":"","overlay-opacity":"","overlay-gradient":""},"tablet":{"background-color":"var(--ast-global-color-5)","background-image":"","background-repeat":"repeat","background-position":"center center","background-size":"auto","background-attachment":"scroll","background-type":"","background-media":"","overlay-type":"","overlay-color":"","overlay-opacity":"","overlay-gradient":""},"mobile":{"background-color":"var(--ast-global-color-5)","background-image":"","background-repeat":"repeat","background-position":"center center","background-size":"auto","background-attachment":"scroll","background-type":"","background-media":"","overlay-type":"","overlay-color":"","overlay-opacity":"","overlay-gradient":""}}},"product_brand":[],"product_cat":[24],"product_tag":[],"class_list":{"0":"post-2063","1":"product","2":"type-product","3":"status-publish","4":"has-post-thumbnail","6":"product_cat-bilder","7":"desktop-align-left","8":"tablet-align-left","9":"mobile-align-left","11":"first","12":"outofstock","13":"sold-individually","14":"shipping-taxable","15":"purchasable","16":"product-type-simple"},"acf":[],"_links":{"self":[{"href":"https:\/\/wolna-ukraina.eu\/pl\/wp-json\/wp\/v2\/product\/2063","targetHints":{"allow":["GET"]}}],"collection":[{"href":"https:\/\/wolna-ukraina.eu\/pl\/wp-json\/wp\/v2\/product"}],"about":[{"href":"https:\/\/wolna-ukraina.eu\/pl\/wp-json\/wp\/v2\/types\/product"}],"wp:featuredmedia":[{"embeddable":true,"href":"https:\/\/wolna-ukraina.eu\/pl\/wp-json\/wp\/v2\/media\/2093"}],"wp:attachment":[{"href":"https:\/\/wolna-ukraina.eu\/pl\/wp-json\/wp\/v2\/media?parent=2063"}],"wp:term":[{"taxonomy":"product_brand","embeddable":true,"href":"https:\/\/wolna-ukraina.eu\/pl\/wp-json\/wp\/v2\/product_brand?post=2063"},{"taxonomy":"product_cat","embeddable":true,"href":"https:\/\/wolna-ukraina.eu\/pl\/wp-json\/wp\/v2\/product_cat?post=2063"},{"taxonomy":"product_tag","embeddable":true,"href":"https:\/\/wolna-ukraina.eu\/pl\/wp-json\/wp\/v2\/product_tag?post=2063"}],"curies":[{"name":"wp","href":"https:\/\/api.w.org\/{rel}","templated":true}]}}