{"id":15129,"date":"2024-06-28T13:13:45","date_gmt":"2024-06-28T11:13:45","guid":{"rendered":"https:\/\/wolna-ukraina.eu\/kim-jestesmy\/"},"modified":"2025-02-10T12:06:58","modified_gmt":"2025-02-10T11:06:58","slug":"kim-jestesmy","status":"publish","type":"page","link":"https:\/\/wolna-ukraina.eu\/pl\/kim-jestesmy\/","title":{"rendered":"Kim jeste\u015bmy"},"content":{"rendered":"\t\t<div data-elementor-type=\"wp-page\" data-elementor-id=\"15129\" class=\"elementor elementor-15129 elementor-1717\">\n\t\t\t\t\t\t<section class=\"elementor-section elementor-top-section elementor-element elementor-element-f1a9ea2 elementor-section-height-min-height elementor-section-items-bottom elementor-section-boxed elementor-section-height-default\" data-id=\"f1a9ea2\" data-element_type=\"section\" data-settings=\"{&quot;background_background&quot;:&quot;video&quot;,&quot;background_video_link&quot;:&quot;https:\\\/\\\/wolna-ukraina.eu\\\/wp-content\\\/uploads\\\/2024\\\/06\\\/flagge-ukraine.mp4&quot;,&quot;background_play_on_mobile&quot;:&quot;yes&quot;}\">\n\t\t\t\t\t\t\t\t<div class=\"elementor-background-video-container\" aria-hidden=\"true\">\n\t\t\t\t\t\t\t\t\t\t\t\t\t<video class=\"elementor-background-video-hosted\" autoplay muted playsinline loop><\/video>\n\t\t\t\t\t\t\t\t\t\t\t<\/div>\n\t\t\t\t\t\t\t\t\t<div class=\"elementor-background-overlay\"><\/div>\n\t\t\t\t\t\t\t<div class=\"elementor-container elementor-column-gap-no\">\n\t\t\t\t\t<div class=\"elementor-column elementor-col-50 elementor-top-column elementor-element elementor-element-4def1a2\" data-id=\"4def1a2\" data-element_type=\"column\">\n\t\t\t<div class=\"elementor-widget-wrap\">\n\t\t\t\t\t\t\t<\/div>\n\t\t<\/div>\n\t\t\t\t<div class=\"elementor-column elementor-col-50 elementor-top-column elementor-element elementor-element-962d242\" data-id=\"962d242\" data-element_type=\"column\">\n\t\t\t<div class=\"elementor-widget-wrap elementor-element-populated\">\n\t\t\t\t\t\t<div class=\"elementor-element elementor-element-afb937e elementor-invisible elementor-widget elementor-widget-heading\" data-id=\"afb937e\" data-element_type=\"widget\" data-settings=\"{&quot;_animation&quot;:&quot;slideInUp&quot;}\" data-widget_type=\"heading.default\">\n\t\t\t\t<div class=\"elementor-widget-container\">\n\t\t\t\t\t<h1 class=\"elementor-heading-title elementor-size-default\">Kim jeste\u015bmy<\/h1>\t\t\t\t<\/div>\n\t\t\t\t<\/div>\n\t\t\t\t\t<\/div>\n\t\t<\/div>\n\t\t\t\t\t<\/div>\n\t\t<\/section>\n\t\t\t\t<section class=\"elementor-section elementor-top-section elementor-element elementor-element-6e9398e animated-slow elementor-section-boxed elementor-section-height-default elementor-section-height-default elementor-invisible\" data-id=\"6e9398e\" data-element_type=\"section\" data-settings=\"{&quot;animation&quot;:&quot;slideInUp&quot;}\">\n\t\t\t\t\t\t<div class=\"elementor-container elementor-column-gap-no\">\n\t\t\t\t\t<div class=\"elementor-column elementor-col-100 elementor-top-column elementor-element elementor-element-174e6b3\" data-id=\"174e6b3\" data-element_type=\"column\">\n\t\t\t<div class=\"elementor-widget-wrap elementor-element-populated\">\n\t\t\t\t\t\t<div class=\"elementor-element elementor-element-56c4dc7 elementor-widget elementor-widget-text-editor\" data-id=\"56c4dc7\" data-element_type=\"widget\" data-widget_type=\"text-editor.default\">\n\t\t\t\t<div class=\"elementor-widget-container\">\n\t\t\t\t\t\t\t\t\t<p>Jeste\u015bmy ca\u0142kowicie <strong>prywatn\u0105 i niezale\u017cn\u0105 grup\u0105 pomocow\u0105<\/strong> \u201eWolna Ukraina\u201d, kt\u00f3r\u0105 spontanicznie za\u0142o\u017cyli\u015bmy po wybuchu wojny w Ukrainie.<\/p><p>Poniewa\u017c sami mamy krewnych i przyjaci\u00f3\u0142 w Ukrainie, jeste\u015bmy osobi\u015bcie dotkni\u0119ci sytuacj\u0105 i od razu wiedzieli\u015bmy, \u017ce musimy <strong>dzia\u0142a\u0107<\/strong> \u2013 i to <strong>natychmiast<\/strong>!<\/p><p><strong>\u00a0<\/strong>Nasz zesp\u00f3\u0142 dzia\u0142a niemal <strong>ca\u0142\u0105 dob\u0119<\/strong>, aby zaopatrzy\u0107 ludzi cierpi\u0105cych z powodu wojny w najpotrzebniejsze rzeczy.<\/p><p>My, jak i wszyscy nasi wolontariusze, pracujemy wy\u0142\u0105cznie <strong>na zasadach wolontariatu<\/strong>, bez wynagrodzenia. Wa\u017cne jest dla nas, aby ca\u0142a nasza pomoc w pe\u0142ni i <strong>bezpo\u015brednio<\/strong> trafia\u0142a <strong>do ludzi na Ukrainie<\/strong>.<\/p><p>Ty r\u00f3wnie\u017c mo\u017cesz pom\u00f3c, je\u015bli chcesz! <strong>Ka\u017cdy wk\u0142ad, cho\u0107by najmniejszy, robi r\u00f3\u017cnic\u0119.<\/strong><\/p>\t\t\t\t\t\t\t\t<\/div>\n\t\t\t\t<\/div>\n\t\t\t\t\t<\/div>\n\t\t<\/div>\n\t\t\t\t\t<\/div>\n\t\t<\/section>\n\t\t<div class=\"elementor-element elementor-element-5aaa7e4 animated-slow e-flex e-con-boxed elementor-invisible e-con e-parent\" data-id=\"5aaa7e4\" data-element_type=\"container\" data-settings=\"{&quot;animation&quot;:&quot;slideInUp&quot;}\">\n\t\t\t\t\t<div class=\"e-con-inner\">\n\t\t<div class=\"elementor-element elementor-element-09c2c06 e-con-full e-flex e-con e-child\" data-id=\"09c2c06\" data-element_type=\"container\">\n\t\t\t\t<div class=\"elementor-element elementor-element-4b07b49 elementor-widget elementor-widget-menu-anchor\" data-id=\"4b07b49\" data-element_type=\"widget\" data-widget_type=\"menu-anchor.default\">\n\t\t\t\t<div class=\"elementor-widget-container\">\n\t\t\t\t\t\t\t<div class=\"elementor-menu-anchor\" id=\"co-robimy\"><\/div>\n\t\t\t\t\t\t<\/div>\n\t\t\t\t<\/div>\n\t\t\t\t<div class=\"elementor-element elementor-element-e4211e3 elementor-widget elementor-widget-text-editor\" data-id=\"e4211e3\" data-element_type=\"widget\" data-widget_type=\"text-editor.default\">\n\t\t\t\t<div class=\"elementor-widget-container\">\n\t\t\t\t\t\t\t\t\t<p><strong>OBECNIE PRIORYTETOWO TRANSPORTUJEMY NAST\u0118PUJ\u0104CE RZECZY NA UKRAINIE:<\/strong><\/p><ul><li>Koce<\/li><li>Namioty<\/li><li>\u015apiwory<\/li><li>\u017bywno\u015b\u0107 w puszkach o przed\u0142u\u017conej trwa\u0142o\u015bci<\/li><li>Makaron, ry\u017c, m\u0105ka, s\u00f3l, cukier, olej<\/li><li>Banda\u017ce<\/li><li>Apteczki<\/li><li>Lekarstwa<\/li><li>Papier toaletowy i wilgotne chusteczki<\/li><li>Zabawki<\/li><li>Myd\u0142o<\/li><li>Szampon<\/li><li>Pasta do z\u0119b\u00f3w<\/li><li>Pieluszki dla niemowl\u0105t, dzieci i doros\u0142ych<\/li><li>Poduszki<\/li><li>Po\u015bciele<\/li><li>D\u0142ugopisy i markery<\/li><li>No\u017cyczki do krojenia odzie\u017cy i but\u00f3w<\/li><li>Kr\u00f3tkofal\u00f3wki<\/li><li>R\u0119kawiczki<\/li><li>Odzie\u017c ochronna wszelkiego rodzaju<\/li><li>Garnki i patelnie<\/li><\/ul>\t\t\t\t\t\t\t\t<\/div>\n\t\t\t\t<\/div>\n\t\t\t\t<\/div>\n\t\t<div class=\"elementor-element elementor-element-e1b8ac4 e-con-full e-flex e-con e-child\" data-id=\"e1b8ac4\" data-element_type=\"container\">\n\t\t\t\t<div class=\"elementor-element elementor-element-c466e42 elementor-widget elementor-widget-spacer\" data-id=\"c466e42\" data-element_type=\"widget\" data-widget_type=\"spacer.default\">\n\t\t\t\t<div class=\"elementor-widget-container\">\n\t\t\t\t\t\t\t<div class=\"elementor-spacer\">\n\t\t\t<div class=\"elementor-spacer-inner\"><\/div>\n\t\t<\/div>\n\t\t\t\t\t\t<\/div>\n\t\t\t\t<\/div>\n\t\t\t\t<div class=\"elementor-element elementor-element-e84bcb3 elementor-widget elementor-widget-image\" data-id=\"e84bcb3\" data-element_type=\"widget\" data-widget_type=\"image.default\">\n\t\t\t\t<div class=\"elementor-widget-container\">\n\t\t\t\t\t\t\t\t\t\t\t\t\t\t\t<img fetchpriority=\"high\" decoding=\"async\" width=\"760\" height=\"380\" src=\"https:\/\/wolna-ukraina.eu\/wp-content\/uploads\/2024\/06\/sachspenden.webp\" class=\"attachment-large size-large wp-image-13337\" alt=\"\" srcset=\"https:\/\/wolna-ukraina.eu\/wp-content\/uploads\/2024\/06\/sachspenden.webp 760w, https:\/\/wolna-ukraina.eu\/wp-content\/uploads\/2024\/06\/sachspenden-600x300.webp 600w, https:\/\/wolna-ukraina.eu\/wp-content\/uploads\/2024\/06\/sachspenden-64x32.webp 64w, https:\/\/wolna-ukraina.eu\/wp-content\/uploads\/2024\/06\/sachspenden-300x150.webp 300w\" sizes=\"(max-width: 760px) 100vw, 760px\" \/>\t\t\t\t\t\t\t\t\t\t\t\t\t\t\t<\/div>\n\t\t\t\t<\/div>\n\t\t\t\t<div class=\"elementor-element elementor-element-69efb3f elementor-widget elementor-widget-spacer\" data-id=\"69efb3f\" data-element_type=\"widget\" data-widget_type=\"spacer.default\">\n\t\t\t\t<div class=\"elementor-widget-container\">\n\t\t\t\t\t\t\t<div class=\"elementor-spacer\">\n\t\t\t<div class=\"elementor-spacer-inner\"><\/div>\n\t\t<\/div>\n\t\t\t\t\t\t<\/div>\n\t\t\t\t<\/div>\n\t\t\t\t<div class=\"elementor-element elementor-element-799661f elementor-widget elementor-widget-text-editor\" data-id=\"799661f\" data-element_type=\"widget\" data-widget_type=\"text-editor.default\">\n\t\t\t\t<div class=\"elementor-widget-container\">\n\t\t\t\t\t\t\t\t\t<strong>Poka\u017cmy ludziom na Ukrainie, \u017ce solidaryzujemy si\u0119 z nimi i wspieramy ich d\u0105\u017cenie do wolno\u015bci, suwerenno\u015bci i demokracji. Razem mo\u017cemy im pom\u00f3c w tych trudnych czasach!<\/strong>\n<br>\nSerdecznie dzi\u0119kujemy!&nbsp;&nbsp;&nbsp;&nbsp;&nbsp;&nbsp;&nbsp;&nbsp;&nbsp;&nbsp;&nbsp;&nbsp;&nbsp;&nbsp;&nbsp;&nbsp;&nbsp;&nbsp;&nbsp;&nbsp;<img decoding=\"async\" class=\"attachment-thumbnail size-thumbnail wp-image-15516\" style=\"font-size: calc(0px + 1rem + 0vw); font-style: inherit; font-weight: inherit; text-align: var(--text-align); background-color: var(--ast-global-color-3); color: var(--ast-global-color-4);\" src=\"https:\/\/wolna-ukraina.eu\/wp-content\/uploads\/2024\/08\/heart-hands-150x150.webp\" sizes=\"(max-width: 150px) 100vw, 150px\" srcset=\"https:\/\/wolna-ukraina.eu\/wp-content\/uploads\/2024\/08\/heart-hands-150x150.webp 150w, https:\/\/wolna-ukraina.eu\/wp-content\/uploads\/2024\/08\/heart-hands-100x100.webp 100w, https:\/\/wolna-ukraina.eu\/wp-content\/uploads\/2024\/08\/heart-hands-64x64.webp 64w, https:\/\/wolna-ukraina.eu\/wp-content\/uploads\/2024\/08\/heart-hands.webp 250w\" alt=\"\" width=\"150\" height=\"150\" \/>\t\t\t\t\t\t\t\t<\/div>\n\t\t\t\t<\/div>\n\t\t\t\t<\/div>\n\t\t\t\t\t<\/div>\n\t\t\t\t<\/div>\n\t\t\t\t<\/div>\n\t\t","protected":false},"excerpt":{"rendered":"<p>Kim jeste\u015bmy Jeste\u015bmy ca\u0142kowicie prywatn\u0105 i niezale\u017cn\u0105 grup\u0105 pomocow\u0105 \u201eWolna Ukraina\u201d, kt\u00f3r\u0105 spontanicznie za\u0142o\u017cyli\u015bmy po wybuchu wojny w Ukrainie. Poniewa\u017c sami mamy krewnych i przyjaci\u00f3\u0142 w Ukrainie, jeste\u015bmy osobi\u015bcie dotkni\u0119ci sytuacj\u0105 i od razu wiedzieli\u015bmy, \u017ce musimy dzia\u0142a\u0107 \u2013 i to natychmiast! \u00a0Nasz zesp\u00f3\u0142 dzia\u0142a niemal ca\u0142\u0105 dob\u0119, aby zaopatrzy\u0107 ludzi cierpi\u0105cych z powodu wojny [&hellip;]<\/p>\n","protected":false},"author":1,"featured_media":0,"parent":0,"menu_order":0,"comment_status":"closed","ping_status":"closed","template":"","meta":{"_acf_changed":false,"give_campaign_id":0,"site-sidebar-layout":"no-sidebar","site-content-layout":"page-builder","ast-site-content-layout":"default","site-content-style":"default","site-sidebar-style":"default","ast-global-header-display":"","ast-banner-title-visibility":"","ast-main-header-display":"","ast-hfb-above-header-display":"","ast-hfb-below-header-display":"","ast-hfb-mobile-header-display":"","site-post-title":"disabled","ast-breadcrumbs-content":"disabled","ast-featured-img":"disabled","footer-sml-layout":"","theme-transparent-header-meta":"enabled","adv-header-id-meta":"","stick-header-meta":"","header-above-stick-meta":"","header-main-stick-meta":"","header-below-stick-meta":"","astra-migrate-meta-layouts":"default","ast-page-background-enabled":"default","ast-page-background-meta":{"desktop":{"background-color":"","background-image":"","background-repeat":"repeat","background-position":"center center","background-size":"auto","background-attachment":"scroll","background-type":"","background-media":"","overlay-type":"","overlay-color":"","overlay-opacity":"","overlay-gradient":""},"tablet":{"background-color":"","background-image":"","background-repeat":"repeat","background-position":"center center","background-size":"auto","background-attachment":"scroll","background-type":"","background-media":"","overlay-type":"","overlay-color":"","overlay-opacity":"","overlay-gradient":""},"mobile":{"background-color":"","background-image":"","background-repeat":"repeat","background-position":"center center","background-size":"auto","background-attachment":"scroll","background-type":"","background-media":"","overlay-type":"","overlay-color":"","overlay-opacity":"","overlay-gradient":""}},"ast-content-background-meta":{"desktop":{"background-color":"var(--ast-global-color-5)","background-image":"","background-repeat":"repeat","background-position":"center center","background-size":"auto","background-attachment":"scroll","background-type":"","background-media":"","overlay-type":"","overlay-color":"","overlay-opacity":"","overlay-gradient":""},"tablet":{"background-color":"var(--ast-global-color-5)","background-image":"","background-repeat":"repeat","background-position":"center center","background-size":"auto","background-attachment":"scroll","background-type":"","background-media":"","overlay-type":"","overlay-color":"","overlay-opacity":"","overlay-gradient":""},"mobile":{"background-color":"var(--ast-global-color-5)","background-image":"","background-repeat":"repeat","background-position":"center center","background-size":"auto","background-attachment":"scroll","background-type":"","background-media":"","overlay-type":"","overlay-color":"","overlay-opacity":"","overlay-gradient":""}},"footnotes":""},"class_list":["post-15129","page","type-page","status-publish","hentry"],"acf":[],"campaignId":"","_links":{"self":[{"href":"https:\/\/wolna-ukraina.eu\/pl\/wp-json\/wp\/v2\/pages\/15129","targetHints":{"allow":["GET"]}}],"collection":[{"href":"https:\/\/wolna-ukraina.eu\/pl\/wp-json\/wp\/v2\/pages"}],"about":[{"href":"https:\/\/wolna-ukraina.eu\/pl\/wp-json\/wp\/v2\/types\/page"}],"author":[{"embeddable":true,"href":"https:\/\/wolna-ukraina.eu\/pl\/wp-json\/wp\/v2\/users\/1"}],"replies":[{"embeddable":true,"href":"https:\/\/wolna-ukraina.eu\/pl\/wp-json\/wp\/v2\/comments?post=15129"}],"version-history":[{"count":10,"href":"https:\/\/wolna-ukraina.eu\/pl\/wp-json\/wp\/v2\/pages\/15129\/revisions"}],"predecessor-version":[{"id":16075,"href":"https:\/\/wolna-ukraina.eu\/pl\/wp-json\/wp\/v2\/pages\/15129\/revisions\/16075"}],"wp:attachment":[{"href":"https:\/\/wolna-ukraina.eu\/pl\/wp-json\/wp\/v2\/media?parent=15129"}],"curies":[{"name":"wp","href":"https:\/\/api.w.org\/{rel}","templated":true}]}}