{"id":14823,"date":"2024-07-02T12:21:24","date_gmt":"2024-07-02T10:21:24","guid":{"rendered":"https:\/\/wolna-ukraina.eu\/podziekowania\/"},"modified":"2024-07-04T12:21:27","modified_gmt":"2024-07-04T10:21:27","slug":"podziekowania","status":"publish","type":"page","link":"https:\/\/wolna-ukraina.eu\/pl\/podziekowania\/","title":{"rendered":"Podzi\u0119kowania"},"content":{"rendered":"\t\t<div data-elementor-type=\"wp-page\" data-elementor-id=\"14823\" class=\"elementor elementor-14823 elementor-12640\">\n\t\t\t\t\t\t<section class=\"elementor-section elementor-top-section elementor-element elementor-element-f1a9ea2 elementor-section-height-min-height elementor-section-items-bottom elementor-section-boxed elementor-section-height-default\" data-id=\"f1a9ea2\" data-element_type=\"section\" data-settings=\"{&quot;background_background&quot;:&quot;video&quot;,&quot;background_video_link&quot;:&quot;https:\\\/\\\/wolna-ukraina.eu\\\/wp-content\\\/uploads\\\/2024\\\/06\\\/flagge-ukraine.mp4&quot;,&quot;background_play_on_mobile&quot;:&quot;yes&quot;}\">\n\t\t\t\t\t\t\t\t<div class=\"elementor-background-video-container\" aria-hidden=\"true\">\n\t\t\t\t\t\t\t\t\t\t\t\t\t<video class=\"elementor-background-video-hosted\" autoplay muted playsinline loop><\/video>\n\t\t\t\t\t\t\t\t\t\t\t<\/div>\n\t\t\t\t\t\t\t\t\t<div class=\"elementor-background-overlay\"><\/div>\n\t\t\t\t\t\t\t<div class=\"elementor-container elementor-column-gap-no\">\n\t\t\t\t\t<div class=\"elementor-column elementor-col-50 elementor-top-column elementor-element elementor-element-4def1a2\" data-id=\"4def1a2\" data-element_type=\"column\">\n\t\t\t<div class=\"elementor-widget-wrap\">\n\t\t\t\t\t\t\t<\/div>\n\t\t<\/div>\n\t\t\t\t<div class=\"elementor-column elementor-col-50 elementor-top-column elementor-element elementor-element-962d242\" data-id=\"962d242\" data-element_type=\"column\">\n\t\t\t<div class=\"elementor-widget-wrap elementor-element-populated\">\n\t\t\t\t\t\t<div class=\"elementor-element elementor-element-afb937e elementor-invisible elementor-widget elementor-widget-heading\" data-id=\"afb937e\" data-element_type=\"widget\" data-settings=\"{&quot;_animation&quot;:&quot;slideInUp&quot;}\" data-widget_type=\"heading.default\">\n\t\t\t\t<div class=\"elementor-widget-container\">\n\t\t\t\t\t<h1 class=\"elementor-heading-title elementor-size-default\">Podzi\u0119kowania<\/h1>\t\t\t\t<\/div>\n\t\t\t\t<\/div>\n\t\t\t\t\t<\/div>\n\t\t<\/div>\n\t\t\t\t\t<\/div>\n\t\t<\/section>\n\t\t<div class=\"elementor-element elementor-element-6642644 e-flex e-con-boxed e-con e-parent\" data-id=\"6642644\" data-element_type=\"container\">\n\t\t\t\t\t<div class=\"e-con-inner\">\n\t\t\t\t<div class=\"elementor-element elementor-element-872f2e9 elementor-widget elementor-widget-spacer\" data-id=\"872f2e9\" data-element_type=\"widget\" data-widget_type=\"spacer.default\">\n\t\t\t\t<div class=\"elementor-widget-container\">\n\t\t\t\t\t\t\t<div class=\"elementor-spacer\">\n\t\t\t<div class=\"elementor-spacer-inner\"><\/div>\n\t\t<\/div>\n\t\t\t\t\t\t<\/div>\n\t\t\t\t<\/div>\n\t\t\t\t<div class=\"elementor-element elementor-element-5fde6a7 elementor-widget elementor-widget-text-editor\" data-id=\"5fde6a7\" data-element_type=\"widget\" data-widget_type=\"text-editor.default\">\n\t\t\t\t<div class=\"elementor-widget-container\">\n\t\t\t\t\t\t\t\t\t<h5>Cieszymy si\u0119 bardzo z wielu podzi\u0119kowa\u0144 od os\u00f3b, instytucji i organizacji, do kt\u00f3rych docieramy z naszymi transportami pomocy humanitarnej we wszystkich regionach Ukrainy<\/h5>\n\t\t\t\t\t\t\t\t<\/div>\n\t\t\t\t<\/div>\n\t\t\t\t\t<\/div>\n\t\t\t\t<\/div>\n\t\t<div class=\"elementor-element elementor-element-f846766 animated-slow e-flex e-con-boxed elementor-invisible e-con e-parent\" data-id=\"f846766\" data-element_type=\"container\" data-settings=\"{&quot;animation&quot;:&quot;slideInUp&quot;}\">\n\t\t\t\t\t<div class=\"e-con-inner\">\n\t\t\t\t<div class=\"elementor-element elementor-element-1177b69 animated-slow elementor-invisible elementor-widget elementor-widget-image-gallery\" data-id=\"1177b69\" data-element_type=\"widget\" data-settings=\"{&quot;_animation&quot;:&quot;slideInUp&quot;}\" data-widget_type=\"image-gallery.default\">\n\t\t\t\t<div class=\"elementor-widget-container\">\n\t\t\t\t\t\t\t<div class=\"elementor-image-gallery\">\n\t\t\t<div id='gallery-1' class='gallery galleryid-14823 gallery-columns-4 gallery-size-woocommerce_thumbnail'><figure class='gallery-item'>\n\t\t\t<div class='gallery-icon portrait'>\n\t\t\t\t<a data-elementor-open-lightbox=\"yes\" data-elementor-lightbox-slideshow=\"1177b69\" data-elementor-lightbox-title=\"Danksagung-12\" data-e-action-hash=\"#elementor-action%3Aaction%3Dlightbox%26settings%3DeyJpZCI6MTM5MjIsInVybCI6Imh0dHBzOlwvXC93b2xuYS11a3JhaW5hLmV1XC93cC1jb250ZW50XC91cGxvYWRzXC8yMDI0XC8wN1wvRGFua3NhZ3VuZy0xMi53ZWJwIiwic2xpZGVzaG93IjoiMTE3N2I2OSJ9\" href='https:\/\/wolna-ukraina.eu\/wp-content\/uploads\/2024\/07\/Danksagung-12.webp'><img fetchpriority=\"high\" decoding=\"async\" width=\"300\" height=\"300\" src=\"https:\/\/wolna-ukraina.eu\/wp-content\/uploads\/2024\/07\/Danksagung-12-300x300.webp\" class=\"attachment-woocommerce_thumbnail size-woocommerce_thumbnail\" alt=\"\" srcset=\"https:\/\/wolna-ukraina.eu\/wp-content\/uploads\/2024\/07\/Danksagung-12-300x300.webp 300w, https:\/\/wolna-ukraina.eu\/wp-content\/uploads\/2024\/07\/Danksagung-12-150x150.webp 150w, https:\/\/wolna-ukraina.eu\/wp-content\/uploads\/2024\/07\/Danksagung-12-100x100.webp 100w\" sizes=\"(max-width: 300px) 100vw, 300px\" \/><\/a>\n\t\t\t<\/div><\/figure><figure class='gallery-item'>\n\t\t\t<div class='gallery-icon portrait'>\n\t\t\t\t<a data-elementor-open-lightbox=\"yes\" data-elementor-lightbox-slideshow=\"1177b69\" data-elementor-lightbox-title=\"Danksagung-13\" data-e-action-hash=\"#elementor-action%3Aaction%3Dlightbox%26settings%3DeyJpZCI6MTM5MjUsInVybCI6Imh0dHBzOlwvXC93b2xuYS11a3JhaW5hLmV1XC93cC1jb250ZW50XC91cGxvYWRzXC8yMDI0XC8wN1wvRGFua3NhZ3VuZy0xMy53ZWJwIiwic2xpZGVzaG93IjoiMTE3N2I2OSJ9\" href='https:\/\/wolna-ukraina.eu\/wp-content\/uploads\/2024\/07\/Danksagung-13.webp'><img decoding=\"async\" width=\"300\" height=\"300\" src=\"https:\/\/wolna-ukraina.eu\/wp-content\/uploads\/2024\/07\/Danksagung-13-300x300.webp\" class=\"attachment-woocommerce_thumbnail size-woocommerce_thumbnail\" alt=\"\" srcset=\"https:\/\/wolna-ukraina.eu\/wp-content\/uploads\/2024\/07\/Danksagung-13-300x300.webp 300w, https:\/\/wolna-ukraina.eu\/wp-content\/uploads\/2024\/07\/Danksagung-13-150x150.webp 150w, https:\/\/wolna-ukraina.eu\/wp-content\/uploads\/2024\/07\/Danksagung-13-100x100.webp 100w\" sizes=\"(max-width: 300px) 100vw, 300px\" \/><\/a>\n\t\t\t<\/div><\/figure><figure class='gallery-item'>\n\t\t\t<div class='gallery-icon portrait'>\n\t\t\t\t<a data-elementor-open-lightbox=\"yes\" data-elementor-lightbox-slideshow=\"1177b69\" data-elementor-lightbox-title=\"Danksagung-14\" data-e-action-hash=\"#elementor-action%3Aaction%3Dlightbox%26settings%3DeyJpZCI6MTM5MjgsInVybCI6Imh0dHBzOlwvXC93b2xuYS11a3JhaW5hLmV1XC93cC1jb250ZW50XC91cGxvYWRzXC8yMDI0XC8wN1wvRGFua3NhZ3VuZy0xNC53ZWJwIiwic2xpZGVzaG93IjoiMTE3N2I2OSJ9\" href='https:\/\/wolna-ukraina.eu\/wp-content\/uploads\/2024\/07\/Danksagung-14.webp'><img decoding=\"async\" width=\"300\" height=\"300\" src=\"https:\/\/wolna-ukraina.eu\/wp-content\/uploads\/2024\/07\/Danksagung-14-300x300.webp\" class=\"attachment-woocommerce_thumbnail size-woocommerce_thumbnail\" alt=\"\" srcset=\"https:\/\/wolna-ukraina.eu\/wp-content\/uploads\/2024\/07\/Danksagung-14-300x300.webp 300w, https:\/\/wolna-ukraina.eu\/wp-content\/uploads\/2024\/07\/Danksagung-14-150x150.webp 150w, https:\/\/wolna-ukraina.eu\/wp-content\/uploads\/2024\/07\/Danksagung-14-100x100.webp 100w\" sizes=\"(max-width: 300px) 100vw, 300px\" \/><\/a>\n\t\t\t<\/div><\/figure><figure class='gallery-item'>\n\t\t\t<div class='gallery-icon portrait'>\n\t\t\t\t<a data-elementor-open-lightbox=\"yes\" data-elementor-lightbox-slideshow=\"1177b69\" data-elementor-lightbox-title=\"Danksagung-15\" data-e-action-hash=\"#elementor-action%3Aaction%3Dlightbox%26settings%3DeyJpZCI6MTM5MzEsInVybCI6Imh0dHBzOlwvXC93b2xuYS11a3JhaW5hLmV1XC93cC1jb250ZW50XC91cGxvYWRzXC8yMDI0XC8wN1wvRGFua3NhZ3VuZy0xNS53ZWJwIiwic2xpZGVzaG93IjoiMTE3N2I2OSJ9\" href='https:\/\/wolna-ukraina.eu\/wp-content\/uploads\/2024\/07\/Danksagung-15.webp'><img loading=\"lazy\" decoding=\"async\" width=\"300\" height=\"300\" src=\"https:\/\/wolna-ukraina.eu\/wp-content\/uploads\/2024\/07\/Danksagung-15-300x300.webp\" class=\"attachment-woocommerce_thumbnail size-woocommerce_thumbnail\" alt=\"\" srcset=\"https:\/\/wolna-ukraina.eu\/wp-content\/uploads\/2024\/07\/Danksagung-15-300x300.webp 300w, https:\/\/wolna-ukraina.eu\/wp-content\/uploads\/2024\/07\/Danksagung-15-150x150.webp 150w, https:\/\/wolna-ukraina.eu\/wp-content\/uploads\/2024\/07\/Danksagung-15-100x100.webp 100w\" sizes=\"(max-width: 300px) 100vw, 300px\" \/><\/a>\n\t\t\t<\/div><\/figure><figure class='gallery-item'>\n\t\t\t<div class='gallery-icon portrait'>\n\t\t\t\t<a data-elementor-open-lightbox=\"yes\" data-elementor-lightbox-slideshow=\"1177b69\" data-elementor-lightbox-title=\"danksagung-butcha\" data-e-action-hash=\"#elementor-action%3Aaction%3Dlightbox%26settings%3DeyJpZCI6MTM5MzcsInVybCI6Imh0dHBzOlwvXC93b2xuYS11a3JhaW5hLmV1XC93cC1jb250ZW50XC91cGxvYWRzXC8yMDI0XC8wN1wvZGFua3NhZ3VuZy1idXRjaGEud2VicCIsInNsaWRlc2hvdyI6IjExNzdiNjkifQ%3D%3D\" href='https:\/\/wolna-ukraina.eu\/wp-content\/uploads\/2024\/07\/danksagung-butcha.webp'><img loading=\"lazy\" decoding=\"async\" width=\"300\" height=\"300\" src=\"https:\/\/wolna-ukraina.eu\/wp-content\/uploads\/2024\/07\/danksagung-butcha-300x300.webp\" class=\"attachment-woocommerce_thumbnail size-woocommerce_thumbnail\" alt=\"\" srcset=\"https:\/\/wolna-ukraina.eu\/wp-content\/uploads\/2024\/07\/danksagung-butcha-300x300.webp 300w, https:\/\/wolna-ukraina.eu\/wp-content\/uploads\/2024\/07\/danksagung-butcha-150x150.webp 150w, https:\/\/wolna-ukraina.eu\/wp-content\/uploads\/2024\/07\/danksagung-butcha-100x100.webp 100w\" sizes=\"(max-width: 300px) 100vw, 300px\" \/><\/a>\n\t\t\t<\/div><\/figure><figure class='gallery-item'>\n\t\t\t<div class='gallery-icon portrait'>\n\t\t\t\t<a data-elementor-open-lightbox=\"yes\" data-elementor-lightbox-slideshow=\"1177b69\" data-elementor-lightbox-title=\"Danksagung-01\" data-e-action-hash=\"#elementor-action%3Aaction%3Dlightbox%26settings%3DeyJpZCI6MTM5NDAsInVybCI6Imh0dHBzOlwvXC93b2xuYS11a3JhaW5hLmV1XC93cC1jb250ZW50XC91cGxvYWRzXC8yMDI0XC8wN1wvRGFua3NhZ3VuZy0wMS53ZWJwIiwic2xpZGVzaG93IjoiMTE3N2I2OSJ9\" href='https:\/\/wolna-ukraina.eu\/wp-content\/uploads\/2024\/07\/Danksagung-01.webp'><img loading=\"lazy\" decoding=\"async\" width=\"300\" height=\"300\" src=\"https:\/\/wolna-ukraina.eu\/wp-content\/uploads\/2024\/07\/Danksagung-01-300x300.webp\" class=\"attachment-woocommerce_thumbnail size-woocommerce_thumbnail\" alt=\"\" srcset=\"https:\/\/wolna-ukraina.eu\/wp-content\/uploads\/2024\/07\/Danksagung-01-300x300.webp 300w, https:\/\/wolna-ukraina.eu\/wp-content\/uploads\/2024\/07\/Danksagung-01-150x150.webp 150w, https:\/\/wolna-ukraina.eu\/wp-content\/uploads\/2024\/07\/Danksagung-01-100x100.webp 100w\" sizes=\"(max-width: 300px) 100vw, 300px\" \/><\/a>\n\t\t\t<\/div><\/figure><figure class='gallery-item'>\n\t\t\t<div class='gallery-icon portrait'>\n\t\t\t\t<a data-elementor-open-lightbox=\"yes\" data-elementor-lightbox-slideshow=\"1177b69\" data-elementor-lightbox-title=\"Danksagung-02\" data-e-action-hash=\"#elementor-action%3Aaction%3Dlightbox%26settings%3DeyJpZCI6MTM5NDMsInVybCI6Imh0dHBzOlwvXC93b2xuYS11a3JhaW5hLmV1XC93cC1jb250ZW50XC91cGxvYWRzXC8yMDI0XC8wN1wvRGFua3NhZ3VuZy0wMi53ZWJwIiwic2xpZGVzaG93IjoiMTE3N2I2OSJ9\" href='https:\/\/wolna-ukraina.eu\/wp-content\/uploads\/2024\/07\/Danksagung-02.webp'><img loading=\"lazy\" decoding=\"async\" width=\"300\" height=\"300\" src=\"https:\/\/wolna-ukraina.eu\/wp-content\/uploads\/2024\/07\/Danksagung-02-300x300.webp\" class=\"attachment-woocommerce_thumbnail size-woocommerce_thumbnail\" alt=\"\" srcset=\"https:\/\/wolna-ukraina.eu\/wp-content\/uploads\/2024\/07\/Danksagung-02-300x300.webp 300w, https:\/\/wolna-ukraina.eu\/wp-content\/uploads\/2024\/07\/Danksagung-02-150x150.webp 150w, https:\/\/wolna-ukraina.eu\/wp-content\/uploads\/2024\/07\/Danksagung-02-100x100.webp 100w\" sizes=\"(max-width: 300px) 100vw, 300px\" \/><\/a>\n\t\t\t<\/div><\/figure><figure class='gallery-item'>\n\t\t\t<div class='gallery-icon portrait'>\n\t\t\t\t<a data-elementor-open-lightbox=\"yes\" data-elementor-lightbox-slideshow=\"1177b69\" data-elementor-lightbox-title=\"Danksagung-03\" data-e-action-hash=\"#elementor-action%3Aaction%3Dlightbox%26settings%3DeyJpZCI6MTM5NDYsInVybCI6Imh0dHBzOlwvXC93b2xuYS11a3JhaW5hLmV1XC93cC1jb250ZW50XC91cGxvYWRzXC8yMDI0XC8wN1wvRGFua3NhZ3VuZy0wMy53ZWJwIiwic2xpZGVzaG93IjoiMTE3N2I2OSJ9\" href='https:\/\/wolna-ukraina.eu\/wp-content\/uploads\/2024\/07\/Danksagung-03.webp'><img loading=\"lazy\" decoding=\"async\" width=\"300\" height=\"300\" src=\"https:\/\/wolna-ukraina.eu\/wp-content\/uploads\/2024\/07\/Danksagung-03-300x300.webp\" class=\"attachment-woocommerce_thumbnail size-woocommerce_thumbnail\" alt=\"\" srcset=\"https:\/\/wolna-ukraina.eu\/wp-content\/uploads\/2024\/07\/Danksagung-03-300x300.webp 300w, https:\/\/wolna-ukraina.eu\/wp-content\/uploads\/2024\/07\/Danksagung-03-150x150.webp 150w, https:\/\/wolna-ukraina.eu\/wp-content\/uploads\/2024\/07\/Danksagung-03-100x100.webp 100w\" sizes=\"(max-width: 300px) 100vw, 300px\" \/><\/a>\n\t\t\t<\/div><\/figure><figure class='gallery-item'>\n\t\t\t<div class='gallery-icon portrait'>\n\t\t\t\t<a data-elementor-open-lightbox=\"yes\" data-elementor-lightbox-slideshow=\"1177b69\" data-elementor-lightbox-title=\"Danksagung-04\" data-e-action-hash=\"#elementor-action%3Aaction%3Dlightbox%26settings%3DeyJpZCI6MTM5NDksInVybCI6Imh0dHBzOlwvXC93b2xuYS11a3JhaW5hLmV1XC93cC1jb250ZW50XC91cGxvYWRzXC8yMDI0XC8wN1wvRGFua3NhZ3VuZy0wNC53ZWJwIiwic2xpZGVzaG93IjoiMTE3N2I2OSJ9\" href='https:\/\/wolna-ukraina.eu\/wp-content\/uploads\/2024\/07\/Danksagung-04.webp'><img loading=\"lazy\" decoding=\"async\" width=\"300\" height=\"300\" src=\"https:\/\/wolna-ukraina.eu\/wp-content\/uploads\/2024\/07\/Danksagung-04-300x300.webp\" class=\"attachment-woocommerce_thumbnail size-woocommerce_thumbnail\" alt=\"\" srcset=\"https:\/\/wolna-ukraina.eu\/wp-content\/uploads\/2024\/07\/Danksagung-04-300x300.webp 300w, https:\/\/wolna-ukraina.eu\/wp-content\/uploads\/2024\/07\/Danksagung-04-150x150.webp 150w, https:\/\/wolna-ukraina.eu\/wp-content\/uploads\/2024\/07\/Danksagung-04-100x100.webp 100w\" sizes=\"(max-width: 300px) 100vw, 300px\" \/><\/a>\n\t\t\t<\/div><\/figure><figure class='gallery-item'>\n\t\t\t<div class='gallery-icon portrait'>\n\t\t\t\t<a data-elementor-open-lightbox=\"yes\" data-elementor-lightbox-slideshow=\"1177b69\" data-elementor-lightbox-title=\"Danksagung-05\" data-e-action-hash=\"#elementor-action%3Aaction%3Dlightbox%26settings%3DeyJpZCI6MTM5NTIsInVybCI6Imh0dHBzOlwvXC93b2xuYS11a3JhaW5hLmV1XC93cC1jb250ZW50XC91cGxvYWRzXC8yMDI0XC8wN1wvRGFua3NhZ3VuZy0wNS53ZWJwIiwic2xpZGVzaG93IjoiMTE3N2I2OSJ9\" href='https:\/\/wolna-ukraina.eu\/wp-content\/uploads\/2024\/07\/Danksagung-05.webp'><img loading=\"lazy\" decoding=\"async\" width=\"300\" height=\"300\" src=\"https:\/\/wolna-ukraina.eu\/wp-content\/uploads\/2024\/07\/Danksagung-05-300x300.webp\" class=\"attachment-woocommerce_thumbnail size-woocommerce_thumbnail\" alt=\"\" srcset=\"https:\/\/wolna-ukraina.eu\/wp-content\/uploads\/2024\/07\/Danksagung-05-300x300.webp 300w, https:\/\/wolna-ukraina.eu\/wp-content\/uploads\/2024\/07\/Danksagung-05-150x150.webp 150w, https:\/\/wolna-ukraina.eu\/wp-content\/uploads\/2024\/07\/Danksagung-05-100x100.webp 100w\" sizes=\"(max-width: 300px) 100vw, 300px\" \/><\/a>\n\t\t\t<\/div><\/figure><figure class='gallery-item'>\n\t\t\t<div class='gallery-icon portrait'>\n\t\t\t\t<a data-elementor-open-lightbox=\"yes\" data-elementor-lightbox-slideshow=\"1177b69\" data-elementor-lightbox-title=\"Danksagung-06\" data-e-action-hash=\"#elementor-action%3Aaction%3Dlightbox%26settings%3DeyJpZCI6MTM5NTUsInVybCI6Imh0dHBzOlwvXC93b2xuYS11a3JhaW5hLmV1XC93cC1jb250ZW50XC91cGxvYWRzXC8yMDI0XC8wN1wvRGFua3NhZ3VuZy0wNi53ZWJwIiwic2xpZGVzaG93IjoiMTE3N2I2OSJ9\" href='https:\/\/wolna-ukraina.eu\/wp-content\/uploads\/2024\/07\/Danksagung-06.webp'><img loading=\"lazy\" decoding=\"async\" width=\"300\" height=\"300\" src=\"https:\/\/wolna-ukraina.eu\/wp-content\/uploads\/2024\/07\/Danksagung-06-300x300.webp\" class=\"attachment-woocommerce_thumbnail size-woocommerce_thumbnail\" alt=\"\" srcset=\"https:\/\/wolna-ukraina.eu\/wp-content\/uploads\/2024\/07\/Danksagung-06-300x300.webp 300w, https:\/\/wolna-ukraina.eu\/wp-content\/uploads\/2024\/07\/Danksagung-06-150x150.webp 150w, https:\/\/wolna-ukraina.eu\/wp-content\/uploads\/2024\/07\/Danksagung-06-100x100.webp 100w\" sizes=\"(max-width: 300px) 100vw, 300px\" \/><\/a>\n\t\t\t<\/div><\/figure><figure class='gallery-item'>\n\t\t\t<div class='gallery-icon portrait'>\n\t\t\t\t<a data-elementor-open-lightbox=\"yes\" data-elementor-lightbox-slideshow=\"1177b69\" data-elementor-lightbox-title=\"Danksagung-07\" data-e-action-hash=\"#elementor-action%3Aaction%3Dlightbox%26settings%3DeyJpZCI6MTM5NTgsInVybCI6Imh0dHBzOlwvXC93b2xuYS11a3JhaW5hLmV1XC93cC1jb250ZW50XC91cGxvYWRzXC8yMDI0XC8wN1wvRGFua3NhZ3VuZy0wNy53ZWJwIiwic2xpZGVzaG93IjoiMTE3N2I2OSJ9\" href='https:\/\/wolna-ukraina.eu\/wp-content\/uploads\/2024\/07\/Danksagung-07.webp'><img loading=\"lazy\" decoding=\"async\" width=\"300\" height=\"300\" src=\"https:\/\/wolna-ukraina.eu\/wp-content\/uploads\/2024\/07\/Danksagung-07-300x300.webp\" class=\"attachment-woocommerce_thumbnail size-woocommerce_thumbnail\" alt=\"\" srcset=\"https:\/\/wolna-ukraina.eu\/wp-content\/uploads\/2024\/07\/Danksagung-07-300x300.webp 300w, https:\/\/wolna-ukraina.eu\/wp-content\/uploads\/2024\/07\/Danksagung-07-150x150.webp 150w, https:\/\/wolna-ukraina.eu\/wp-content\/uploads\/2024\/07\/Danksagung-07-100x100.webp 100w\" sizes=\"(max-width: 300px) 100vw, 300px\" \/><\/a>\n\t\t\t<\/div><\/figure><figure class='gallery-item'>\n\t\t\t<div class='gallery-icon portrait'>\n\t\t\t\t<a data-elementor-open-lightbox=\"yes\" data-elementor-lightbox-slideshow=\"1177b69\" data-elementor-lightbox-title=\"Danksagung-08\" data-e-action-hash=\"#elementor-action%3Aaction%3Dlightbox%26settings%3DeyJpZCI6MTM5NjEsInVybCI6Imh0dHBzOlwvXC93b2xuYS11a3JhaW5hLmV1XC93cC1jb250ZW50XC91cGxvYWRzXC8yMDI0XC8wN1wvRGFua3NhZ3VuZy0wOC53ZWJwIiwic2xpZGVzaG93IjoiMTE3N2I2OSJ9\" href='https:\/\/wolna-ukraina.eu\/wp-content\/uploads\/2024\/07\/Danksagung-08.webp'><img loading=\"lazy\" decoding=\"async\" width=\"300\" height=\"300\" src=\"https:\/\/wolna-ukraina.eu\/wp-content\/uploads\/2024\/07\/Danksagung-08-300x300.webp\" class=\"attachment-woocommerce_thumbnail size-woocommerce_thumbnail\" alt=\"\" srcset=\"https:\/\/wolna-ukraina.eu\/wp-content\/uploads\/2024\/07\/Danksagung-08-300x300.webp 300w, https:\/\/wolna-ukraina.eu\/wp-content\/uploads\/2024\/07\/Danksagung-08-150x150.webp 150w, https:\/\/wolna-ukraina.eu\/wp-content\/uploads\/2024\/07\/Danksagung-08-100x100.webp 100w\" sizes=\"(max-width: 300px) 100vw, 300px\" \/><\/a>\n\t\t\t<\/div><\/figure><figure class='gallery-item'>\n\t\t\t<div class='gallery-icon portrait'>\n\t\t\t\t<a data-elementor-open-lightbox=\"yes\" data-elementor-lightbox-slideshow=\"1177b69\" data-elementor-lightbox-title=\"Danksagung-09\" data-e-action-hash=\"#elementor-action%3Aaction%3Dlightbox%26settings%3DeyJpZCI6MTM5NjQsInVybCI6Imh0dHBzOlwvXC93b2xuYS11a3JhaW5hLmV1XC93cC1jb250ZW50XC91cGxvYWRzXC8yMDI0XC8wN1wvRGFua3NhZ3VuZy0wOS53ZWJwIiwic2xpZGVzaG93IjoiMTE3N2I2OSJ9\" href='https:\/\/wolna-ukraina.eu\/wp-content\/uploads\/2024\/07\/Danksagung-09.webp'><img loading=\"lazy\" decoding=\"async\" width=\"300\" height=\"300\" src=\"https:\/\/wolna-ukraina.eu\/wp-content\/uploads\/2024\/07\/Danksagung-09-300x300.webp\" class=\"attachment-woocommerce_thumbnail size-woocommerce_thumbnail\" alt=\"\" srcset=\"https:\/\/wolna-ukraina.eu\/wp-content\/uploads\/2024\/07\/Danksagung-09-300x300.webp 300w, https:\/\/wolna-ukraina.eu\/wp-content\/uploads\/2024\/07\/Danksagung-09-150x150.webp 150w, https:\/\/wolna-ukraina.eu\/wp-content\/uploads\/2024\/07\/Danksagung-09-100x100.webp 100w\" sizes=\"(max-width: 300px) 100vw, 300px\" \/><\/a>\n\t\t\t<\/div><\/figure><figure class='gallery-item'>\n\t\t\t<div class='gallery-icon portrait'>\n\t\t\t\t<a data-elementor-open-lightbox=\"yes\" data-elementor-lightbox-slideshow=\"1177b69\" data-elementor-lightbox-title=\"Danksagung-10\" data-e-action-hash=\"#elementor-action%3Aaction%3Dlightbox%26settings%3DeyJpZCI6MTM5NjcsInVybCI6Imh0dHBzOlwvXC93b2xuYS11a3JhaW5hLmV1XC93cC1jb250ZW50XC91cGxvYWRzXC8yMDI0XC8wN1wvRGFua3NhZ3VuZy0xMC53ZWJwIiwic2xpZGVzaG93IjoiMTE3N2I2OSJ9\" href='https:\/\/wolna-ukraina.eu\/wp-content\/uploads\/2024\/07\/Danksagung-10.webp'><img loading=\"lazy\" decoding=\"async\" width=\"300\" height=\"300\" src=\"https:\/\/wolna-ukraina.eu\/wp-content\/uploads\/2024\/07\/Danksagung-10-300x300.webp\" class=\"attachment-woocommerce_thumbnail size-woocommerce_thumbnail\" alt=\"\" srcset=\"https:\/\/wolna-ukraina.eu\/wp-content\/uploads\/2024\/07\/Danksagung-10-300x300.webp 300w, https:\/\/wolna-ukraina.eu\/wp-content\/uploads\/2024\/07\/Danksagung-10-150x150.webp 150w, https:\/\/wolna-ukraina.eu\/wp-content\/uploads\/2024\/07\/Danksagung-10-100x100.webp 100w\" sizes=\"(max-width: 300px) 100vw, 300px\" \/><\/a>\n\t\t\t<\/div><\/figure><figure class='gallery-item'>\n\t\t\t<div class='gallery-icon portrait'>\n\t\t\t\t<a data-elementor-open-lightbox=\"yes\" data-elementor-lightbox-slideshow=\"1177b69\" data-elementor-lightbox-title=\"Danksagung-11\" data-e-action-hash=\"#elementor-action%3Aaction%3Dlightbox%26settings%3DeyJpZCI6MTM5NzAsInVybCI6Imh0dHBzOlwvXC93b2xuYS11a3JhaW5hLmV1XC93cC1jb250ZW50XC91cGxvYWRzXC8yMDI0XC8wN1wvRGFua3NhZ3VuZy0xMS53ZWJwIiwic2xpZGVzaG93IjoiMTE3N2I2OSJ9\" href='https:\/\/wolna-ukraina.eu\/wp-content\/uploads\/2024\/07\/Danksagung-11.webp'><img loading=\"lazy\" decoding=\"async\" width=\"300\" height=\"300\" src=\"https:\/\/wolna-ukraina.eu\/wp-content\/uploads\/2024\/07\/Danksagung-11-300x300.webp\" class=\"attachment-woocommerce_thumbnail size-woocommerce_thumbnail\" alt=\"\" srcset=\"https:\/\/wolna-ukraina.eu\/wp-content\/uploads\/2024\/07\/Danksagung-11-300x300.webp 300w, https:\/\/wolna-ukraina.eu\/wp-content\/uploads\/2024\/07\/Danksagung-11-150x150.webp 150w, https:\/\/wolna-ukraina.eu\/wp-content\/uploads\/2024\/07\/Danksagung-11-100x100.webp 100w\" sizes=\"(max-width: 300px) 100vw, 300px\" \/><\/a>\n\t\t\t<\/div><\/figure>\n\t\t<\/div>\n\t\t<\/div>\n\t\t\t\t\t\t<\/div>\n\t\t\t\t<\/div>\n\t\t\t\t\t<\/div>\n\t\t\t\t<\/div>\n\t\t\t\t<\/div>\n\t\t","protected":false},"excerpt":{"rendered":"<p>Podzi\u0119kowania Cieszymy si\u0119 bardzo z wielu podzi\u0119kowa\u0144 od os\u00f3b, instytucji i organizacji, do kt\u00f3rych docieramy z naszymi transportami pomocy humanitarnej we wszystkich regionach Ukrainy<\/p>\n","protected":false},"author":1,"featured_media":0,"parent":0,"menu_order":0,"comment_status":"closed","ping_status":"closed","template":"","meta":{"_acf_changed":false,"give_campaign_id":0,"site-sidebar-layout":"no-sidebar","site-content-layout":"page-builder","ast-site-content-layout":"default","site-content-style":"default","site-sidebar-style":"default","ast-global-header-display":"","ast-banner-title-visibility":"","ast-main-header-display":"","ast-hfb-above-header-display":"","ast-hfb-below-header-display":"","ast-hfb-mobile-header-display":"","site-post-title":"disabled","ast-breadcrumbs-content":"disabled","ast-featured-img":"disabled","footer-sml-layout":"","theme-transparent-header-meta":"enabled","adv-header-id-meta":"","stick-header-meta":"","header-above-stick-meta":"","header-main-stick-meta":"","header-below-stick-meta":"","astra-migrate-meta-layouts":"default","ast-page-background-enabled":"default","ast-page-background-meta":{"desktop":{"background-color":"","background-image":"","background-repeat":"repeat","background-position":"center center","background-size":"auto","background-attachment":"scroll","background-type":"","background-media":"","overlay-type":"","overlay-color":"","overlay-opacity":"","overlay-gradient":""},"tablet":{"background-color":"","background-image":"","background-repeat":"repeat","background-position":"center center","background-size":"auto","background-attachment":"scroll","background-type":"","background-media":"","overlay-type":"","overlay-color":"","overlay-opacity":"","overlay-gradient":""},"mobile":{"background-color":"","background-image":"","background-repeat":"repeat","background-position":"center center","background-size":"auto","background-attachment":"scroll","background-type":"","background-media":"","overlay-type":"","overlay-color":"","overlay-opacity":"","overlay-gradient":""}},"ast-content-background-meta":{"desktop":{"background-color":"var(--ast-global-color-5)","background-image":"","background-repeat":"repeat","background-position":"center center","background-size":"auto","background-attachment":"scroll","background-type":"","background-media":"","overlay-type":"","overlay-color":"","overlay-opacity":"","overlay-gradient":""},"tablet":{"background-color":"var(--ast-global-color-5)","background-image":"","background-repeat":"repeat","background-position":"center center","background-size":"auto","background-attachment":"scroll","background-type":"","background-media":"","overlay-type":"","overlay-color":"","overlay-opacity":"","overlay-gradient":""},"mobile":{"background-color":"var(--ast-global-color-5)","background-image":"","background-repeat":"repeat","background-position":"center center","background-size":"auto","background-attachment":"scroll","background-type":"","background-media":"","overlay-type":"","overlay-color":"","overlay-opacity":"","overlay-gradient":""}},"footnotes":""},"class_list":["post-14823","page","type-page","status-publish","hentry"],"acf":[],"campaignId":"","_links":{"self":[{"href":"https:\/\/wolna-ukraina.eu\/pl\/wp-json\/wp\/v2\/pages\/14823","targetHints":{"allow":["GET"]}}],"collection":[{"href":"https:\/\/wolna-ukraina.eu\/pl\/wp-json\/wp\/v2\/pages"}],"about":[{"href":"https:\/\/wolna-ukraina.eu\/pl\/wp-json\/wp\/v2\/types\/page"}],"author":[{"embeddable":true,"href":"https:\/\/wolna-ukraina.eu\/pl\/wp-json\/wp\/v2\/users\/1"}],"replies":[{"embeddable":true,"href":"https:\/\/wolna-ukraina.eu\/pl\/wp-json\/wp\/v2\/comments?post=14823"}],"version-history":[{"count":1,"href":"https:\/\/wolna-ukraina.eu\/pl\/wp-json\/wp\/v2\/pages\/14823\/revisions"}],"predecessor-version":[{"id":14824,"href":"https:\/\/wolna-ukraina.eu\/pl\/wp-json\/wp\/v2\/pages\/14823\/revisions\/14824"}],"wp:attachment":[{"href":"https:\/\/wolna-ukraina.eu\/pl\/wp-json\/wp\/v2\/media?parent=14823"}],"curies":[{"name":"wp","href":"https:\/\/api.w.org\/{rel}","templated":true}]}}